{"id":5,"date":"2014-12-09T09:19:28","date_gmt":"2014-12-09T09:19:28","guid":{"rendered":"https:\/\/toihocdohoa.com\/blog\/?page_id=2"},"modified":"2015-11-18T12:35:59","modified_gmt":"2015-11-18T05:35:59","slug":"ban-quyen","status":"publish","type":"page","link":"https:\/\/toihocdohoa.com\/blog\/ban-quyen\/","title":{"rendered":"B\u1ea3n quy\u1ec1n b\u00e0i vi\u1ebft t\u1ea1i Blog ToihocDohoa"},"content":{"rendered":"<p><span style=\"color: #33cccc;\"><strong><img decoding=\"async\" class=\"alignright\" src=\"http:\/\/i.giphy.com\/3oEduF69pPlTYHszg4.gif\" alt=\"3oEduF69pPlTYHszg4.gif (230\u00d7409)\" \/><\/strong><\/span><span style=\"color: #00b9eb;\"><strong>Hello my friend,<\/strong><\/span><\/p>\n<section id=\"top_single\" class=\"bg-white grey-border\">\n<div class=\"row\">\n<div class=\"col-md-12\">M\u00ecnh r\u1ea5t c\u1ea3m k\u00edch v\u00ec b\u1ea1n \u0111\u00e3 quan t\u00e2m \u0111\u1ebfn\u00a0v\u1ea5n \u0111\u1ec1 b\u1ea3n quy\u1ec1n. To\u00e0n b\u1ed9 b\u00e0i vi\u1ebft t\u1ea1i blog \u0111\u1ec1u l\u00e0 m\u00ecnh t\u1ef1 vi\u1ebft n\u00ean \u0111\u1ec3 tr\u00e1nh x\u1ea3y ra tranh ch\u1ea5p kh\u00f4ng \u0111\u00e1ng c\u00f3, m\u00ecnh\u00a0c\u00f3 v\u00e0i \u0111i\u1ec1u ng\u1eafn li\u00ean quan \u0111\u1ebfn vi\u1ec7c s\u1eed d\u1ee5ng n\u1ed9i dung t\u1ea1i <em>toihocdohoa.com<\/em> n\u1ebfu b\u1ea1n c\u00f3 d\u1ef1 \u0111\u1ecbnh ph\u00e1t h\u00e0nh t\u1ea1i website kh\u00e1c.<\/div>\n<div class=\"col-md-12\"><\/div>\n<div class=\"col-md-12\"><strong>Chia s\u1ebb b\u00e0i vi\u1ebft<\/strong><\/div>\n<\/div>\n<\/section>\n<section id=\"post_content\" class=\"bg-white grey-border\">\n<div class=\"row\">\n<div class=\"col-md-12\">\n<ul>\n<li><a href=\"http:\/\/toihocdohoa.com\" target=\"_blank\">ToihocDohoa.com<\/a>\u00a0gi\u1eef b\u1ea3n quy\u1ec1n to\u00e0n b\u1ed9 n\u1ed9i dung t\u1ea1i blog v\u00e0 s\u1ebd ho\u00e0n to\u00e0n ch\u1ecbu tr\u00e1ch nhi\u1ec7m v\u1ec1 b\u1ea3n quy\u1ec1n c\u1ee7a b\u00e0i vi\u1ebft.<\/li>\n<li>C\u00e1c n\u1ed9i dung, t\u00e0i nguy\u00ean chia s\u1ebb t\u1ea1i blog\u00a0ch\u1ec9 s\u1eed d\u1ee5ng v\u1edbi m\u1ee5c \u0111\u00edch h\u1ecdc t\u1eadp nghi\u00ean c\u1ee9u.\u00a0B\u1ea1n kh\u00f4ng \u0111\u01b0\u1ee3c ph\u00e9p s\u1eed d\u1ee5ng n\u1ed9i dung tr\u00ean <a href=\"http:\/\/toihocdohoa.com\" target=\"_blank\">ToihocDohoa.com<\/a><em>\u00a0<\/em>v\u00e0o m\u1ee5c \u0111\u00edch th\u01b0\u01a1ng m\u1ea1i khi ch\u01b0a th\u00f4ng qua C\u01b0\u1eddng.<\/li>\n<li>N\u1ebfu b\u1ea1n mu\u1ed1n tr\u00edch d\u1eabn vui l\u00f2ng gi\u1eef nguy\u00ean kh\u00f4ng ch\u1ec9nh s\u1eeda n\u1ed9i dung, c\u00e2u v\u0103n \u0111\u1ec3 tr\u00e1nh g\u00e2y hi\u1ec3u l\u1ea7m\u00a0cho ng\u01b0\u1eddi \u0111\u1ecdc.<\/li>\n<\/ul>\n<p>Cu\u1ed1i c\u00f9ng, m\u00ecnh lu\u00f4n hoan ngh\u00eanh tinh th\u1ea7n chia s\u1ebb th\u00f4ng tin. Vi\u1ec7c ghi r\u00f5 ngu\u1ed3n ToihocDohoa.com s\u1ebd l\u00e0\u00a0m\u1ed9t \u0111\u1ed9ng l\u1ef1c\u00a0l\u1edbn \u0111\u1ec3 m\u00ecnh ti\u1ebfp t\u1ee5c nh\u1eefng\u00a0vi\u1ebft c\u00f3 gi\u00e1 tr\u1ecb. Hy v\u1ecdng b\u1ea1n t\u00ecm \u0111\u01b0\u1ee3c g\u00ec \u0111\u00f3 t\u1ea1i blog n\u00e0y!<\/p>\n<p>T\u00e1c gi\u1ea3\u00a0M\u1ea1nh C\u01b0\u1eddng (<a href=\"https:\/\/toihocdohoa.com\/blog\/lien-he\/\" target=\"_blank\">li\u00ean h\u1ec7<\/a>)<br \/>\nC\u00e1m \u01a1n &amp; Tr\u00e2n tr\u1ecdng<\/p>\n<\/div>\n<\/div>\n<\/section>\n","protected":false},"excerpt":{"rendered":"<p>Hello my friend, M\u00ecnh r\u1ea5t c\u1ea3m k\u00edch v\u00ec b\u1ea1n \u0111\u00e3 quan t\u00e2m \u0111\u1ebfn\u00a0v\u1ea5n \u0111\u1ec1 b\u1ea3n quy\u1ec1n. To\u00e0n b\u1ed9 b\u00e0i vi\u1ebft t\u1ea1i blog \u0111\u1ec1u l\u00e0 m\u00ecnh t\u1ef1 vi\u1ebft n\u00ean \u0111\u1ec3 tr\u00e1nh x\u1ea3y ra tranh ch\u1ea5p kh\u00f4ng \u0111\u00e1ng c\u00f3, m\u00ecnh\u00a0c\u00f3 v\u00e0i \u0111i\u1ec1u ng\u1eafn li\u00ean quan \u0111\u1ebfn vi\u1ec7c s\u1eed d\u1ee5ng n\u1ed9i dung t\u1ea1i toihocdohoa.com n\u1ebfu b\u1ea1n c\u00f3 d\u1ef1&hellip; <a class=\"read-more-link\" href=\"https:\/\/toihocdohoa.com\/blog\/ban-quyen\/\">\u0110\u1ecdc Th\u00eam<\/a><\/p>\n","protected":false},"author":1,"featured_media":0,"parent":0,"menu_order":0,"comment_status":"closed","ping_status":"open","template":"","meta":{"_genesis_hide_title":false,"_genesis_hide_breadcrumbs":false,"_genesis_hide_singular_image":false,"_genesis_hide_footer_widgets":false,"_genesis_custom_body_class":"","_genesis_custom_post_class":"","_genesis_layout":"","jetpack_post_was_ever_published":false,"footnotes":""},"yst_prominent_words":[],"class_list":{"0":"post-5","1":"page","2":"type-page","3":"status-publish","5":"entry"},"jetpack-related-posts":[{"id":5297,"url":"https:\/\/toihocdohoa.com\/blog\/bo-nao-bao-dang-dung-ban-quyen-photoshop-ai-ae-hay-pr-la-boc-phet-het-2\/","url_meta":{"origin":5,"position":0},"title":"B\u1ed1 n\u00e0o b\u1ea3o \u0111ang d\u00f9ng b\u1ea3n quy\u1ec1n Photoshop, AI, AE hay Pr &#8230; l\u00e0 b\u1ed1c ph\u00e9t h\u1ebft","author":"M\u1ea1nh C\u01b0\u1eddng","date":"06\/02\/2017","format":false,"excerpt":"Mua Adobe Photoshop b\u1ea3n quy\u1ec1n , Illustrator b\u1ea3n quy\u1ec1n th\u00ec t\u1ea1i sao ... C\u00f3 h\u00e0ng ch\u00f9a, h\u00e0ng Crack l\u1eadu sao kh\u00f4ng\u00a0s\u00e0i m\u00e0 mua ? H\u00e0ng ch\u00f9a v\u1edbi h\u00e0ng mua c\u00f3 g\u00ec kh\u00e1c \u0111\u00e2u m\u00e0 ph\u1ea3i mua ? R\u1ed7i h\u01a1i \u0111i lo cho th\u1eb1ng t\u01b0 b\u1ea3n (adobe)\u00a0? C\u00f3 d\u00f9ng win b\u1ea3n\u2026","rel":"","context":"Similar post","block_context":{"text":"Similar post","link":""},"img":{"alt_text":"","src":"https:\/\/i0.wp.com\/toihocdohoa.com\/blog\/wp-content\/uploads\/2017\/02\/mua-ban-quyen-photoshop-vietnam-1.jpg?resize=350%2C200&ssl=1","width":350,"height":200,"srcset":"https:\/\/i0.wp.com\/toihocdohoa.com\/blog\/wp-content\/uploads\/2017\/02\/mua-ban-quyen-photoshop-vietnam-1.jpg?resize=350%2C200&ssl=1 1x, https:\/\/i0.wp.com\/toihocdohoa.com\/blog\/wp-content\/uploads\/2017\/02\/mua-ban-quyen-photoshop-vietnam-1.jpg?resize=525%2C300&ssl=1 1.5x"},"classes":[]},{"id":308,"url":"https:\/\/toihocdohoa.com\/blog\/lien-he\/","url_meta":{"origin":5,"position":1},"title":"Li\u00ean h\u1ec7 &#8211; g\u00f3p \u00fd","author":"M\u1ea1nh C\u01b0\u1eddng","date":"15\/02\/2015","format":false,"excerpt":"Hello my friend, Ch\u1eafc h\u1eb3n b\u1ea1n \u0111ang c\u00f3 \u0111i\u1ec1u g\u00ec \u0111\u00f3 mu\u1ed1n nh\u1eafn cho m\u00ecnh n\u00ean m\u1edbi \u1edf\u00a0trang n\u00e0y. N\u1ebfu b\u1eaft \u0111\u1ea7u t\u1ef1 h\u1ecdc \u0111\u1ed3 h\u1ecda th\u00ec h\u00e3y ch\u1eafc ch\u1eafn \u0111\u1ecdc qua b\u00e0i\u00a0G\u1eedi nh\u1eefng ng\u01b0\u1eddi t\u1ef1 h\u1ecdc Thi\u1ebft k\u1ebf \u0111\u1ed3 h\u1ecda ch\u01b0a bi\u1ebft b\u1eaft \u0111\u1ea7u t\u1eeb \u0111\u00e2u ! Tuy nhi\u00ean,\u2026","rel":"","context":"With 17 comments","block_context":{"text":"With 17 comments","link":"https:\/\/toihocdohoa.com\/blog\/lien-he\/#comments"},"img":{"alt_text":"","src":"https:\/\/i0.wp.com\/toihocdohoa.com\/blog\/wp-content\/uploads\/2020\/01\/TG_VCB_05012020_059A7246.jpg?resize=350%2C200&ssl=1","width":350,"height":200,"srcset":"https:\/\/i0.wp.com\/toihocdohoa.com\/blog\/wp-content\/uploads\/2020\/01\/TG_VCB_05012020_059A7246.jpg?resize=350%2C200&ssl=1 1x, https:\/\/i0.wp.com\/toihocdohoa.com\/blog\/wp-content\/uploads\/2020\/01\/TG_VCB_05012020_059A7246.jpg?resize=525%2C300&ssl=1 1.5x, https:\/\/i0.wp.com\/toihocdohoa.com\/blog\/wp-content\/uploads\/2020\/01\/TG_VCB_05012020_059A7246.jpg?resize=700%2C400&ssl=1 2x, https:\/\/i0.wp.com\/toihocdohoa.com\/blog\/wp-content\/uploads\/2020\/01\/TG_VCB_05012020_059A7246.jpg?resize=1050%2C600&ssl=1 3x, https:\/\/i0.wp.com\/toihocdohoa.com\/blog\/wp-content\/uploads\/2020\/01\/TG_VCB_05012020_059A7246.jpg?resize=1400%2C800&ssl=1 4x"},"classes":[]},{"id":5266,"url":"https:\/\/toihocdohoa.com\/blog\/donate\/","url_meta":{"origin":5,"position":2},"title":"Chia s\u1ebb v\u00e0 chia s\u1ebb nhi\u1ec1u h\u01a1n n\u1eefa","author":"M\u1ea1nh C\u01b0\u1eddng","date":"05\/01\/2017","format":false,"excerpt":"Ch\u00e0o m\u1ecdi ng\u01b0\u1eddi! C\u1ea3m \u01a1n c\u00e1c b\u1ea1n \u0111\u1ed9c gi\u1ea3 \u0111\u00e3 \u1ee7ng h\u1ed9 blog trong h\u01a1n 2 n\u0103m qua. C\u00e1c b\u00e0i vi\u1ebft tr\u00ean blog ch\u00ednh l\u00e0 nh\u1eefng chia s\u1ebb v\u1ec1 tr\u1ea3i nghi\u1ec7m c\u1ee7a m\u00ecnh. Nh\u1eefng l\u1eddi \u0111\u1ed9ng vi\u00ean tinh th\u1ea7n c\u0169ng l\u00e0 m\u1ed9t ph\u1ea7n \u0111\u1ed9ng l\u1ef1c kh\u00f4ng nh\u1ecf \u0111\u1ec3 m\u00ecnh duy\u2026","rel":"","context":"Similar post","block_context":{"text":"Similar post","link":""},"img":{"alt_text":"","src":"https:\/\/i0.wp.com\/toihocdohoa.com\/blog\/wp-content\/uploads\/2017\/01\/2015-06-05_895ck-stock-photo-19649213-share-button.jpg?resize=350%2C200&ssl=1","width":350,"height":200},"classes":[]},{"id":715,"url":"https:\/\/toihocdohoa.com\/blog\/thong-tin-tai-khoan\/","url_meta":{"origin":5,"position":3},"title":"Th\u00f4ng tin t\u00e0i kho\u1ea3n","author":"M\u1ea1nh C\u01b0\u1eddng","date":"04\/06\/2015","format":false,"excerpt":"R\u1ea5t c\u1ea3m \u01a1n qu\u00fd kh\u00e1ch h\u00e0ng \u0111\u00e3 tin d\u00f9ng d\u1ecbch v\u1ee5 c\u1ee7a C\u01b0\u1eddng. Hy v\u1ecdng c\u00f3 c\u01a1 h\u1ed9i ti\u1ebfp t\u1ee5c\u00a0c\u1ed9ng t\u00e1c trong nh\u1eefng d\u1ef1 \u00e1n t\u1edbi. L\u01b0u \u00fd Thanh to\u00e1n Paypal\/Payoneer vui l\u00f2ng ch\u1ecdn\u00a0h\u00ecnh th\u1ee9c chuy\u1ec3n ti\u1ec1n c\u00e1 nh\u00e2n (Personal) \u0111\u1ec3 kh\u00f4ng m\u1ea5t ph\u00ed giao d\u1ecbch. \u0110i\u1ec1n t\u00ean\/s\u1ed1 \u0111i\u1ec7n tho\u1ea1i\/email\u2026","rel":"","context":"Similar post","block_context":{"text":"Similar post","link":""},"img":{"alt_text":"","src":"","width":0,"height":0},"classes":[]},{"id":2,"url":"https:\/\/toihocdohoa.com\/blog\/tu-dien-thiet-ke\/","url_meta":{"origin":5,"position":4},"title":"T\u1eeb \u0111i\u1ec3n thi\u1ebft k\u1ebf \u0111\u1ed3 h\u1ecda","author":"M\u1ea1nh C\u01b0\u1eddng","date":"22\/04\/2015","format":false,"excerpt":"T\u1eeb kh\u00f3a \u0111\u01b0\u1ee3c v\u00ed nh\u01b0 m\u1ed9t c\u00e2y c\u1ea7u k\u1ebft n\u1ed1i b\u1ea1n v\u1edbi kho t\u00e0ng ki\u1ebfn th\u1ee9c r\u1ed9ng l\u1edbn tr\u00ean internet. C\u00e1c b\u1ea1n h\u00e3y \u0110\u00e2y s\u1ebd l\u00e0 trang t\u1eeb \u0111i\u1ec3n chuy\u00ean ng\u00e0nh \u0111\u1ed3 h\u1ecda c\u1eadp \u0111\u1ec3 c\u00e1c b\u1ea1n c\u00f3 th\u1ec3 tra c\u1ee9u. C\u00e1c t\u1eeb s\u1ebd \u0111\u01b0\u1ee3c c\u1eadp nh\u1eadt th\u01b0\u1eddng xuy\u00ean, c\u00e1c\u2026","rel":"","context":"Similar post","block_context":{"text":"Similar post","link":""},"img":{"alt_text":"","src":"","width":0,"height":0},"classes":[]}],"jetpack_sharing_enabled":false,"_links":{"self":[{"href":"https:\/\/toihocdohoa.com\/blog\/wp-json\/wp\/v2\/pages\/5","targetHints":{"allow":["GET"]}}],"collection":[{"href":"https:\/\/toihocdohoa.com\/blog\/wp-json\/wp\/v2\/pages"}],"about":[{"href":"https:\/\/toihocdohoa.com\/blog\/wp-json\/wp\/v2\/types\/page"}],"author":[{"embeddable":true,"href":"https:\/\/toihocdohoa.com\/blog\/wp-json\/wp\/v2\/users\/1"}],"replies":[{"embeddable":true,"href":"https:\/\/toihocdohoa.com\/blog\/wp-json\/wp\/v2\/comments?post=5"}],"version-history":[{"count":0,"href":"https:\/\/toihocdohoa.com\/blog\/wp-json\/wp\/v2\/pages\/5\/revisions"}],"wp:attachment":[{"href":"https:\/\/toihocdohoa.com\/blog\/wp-json\/wp\/v2\/media?parent=5"}],"wp:term":[{"taxonomy":"yst_prominent_words","embeddable":true,"href":"https:\/\/toihocdohoa.com\/blog\/wp-json\/wp\/v2\/yst_prominent_words?post=5"}],"curies":[{"name":"wp","href":"https:\/\/api.w.org\/{rel}","templated":true}]}}