{"id":308,"date":"2015-02-15T13:00:07","date_gmt":"2015-02-15T06:00:07","guid":{"rendered":"https:\/\/toihocdohoa.com\/blog\/?page_id=308"},"modified":"2020-01-17T09:44:24","modified_gmt":"2020-01-17T02:44:24","slug":"lien-he","status":"publish","type":"page","link":"https:\/\/toihocdohoa.com\/blog\/lien-he\/","title":{"rendered":"Li\u00ean h\u1ec7 &#8211; g\u00f3p \u00fd"},"content":{"rendered":"<p><span style=\"color: #33cccc;\"><strong><img decoding=\"async\" class=\"alignright\" src=\"http:\/\/i.giphy.com\/3oEduF69pPlTYHszg4.gif\" alt=\"3oEduF69pPlTYHszg4.gif (230\u00d7409)\" \/><\/strong><\/span><span style=\"color: #00b9eb;\"><strong>Hello my friend,<\/strong><\/span><\/p>\n<p>Ch\u1eafc h\u1eb3n b\u1ea1n \u0111ang c\u00f3 \u0111i\u1ec1u g\u00ec \u0111\u00f3 mu\u1ed1n nh\u1eafn cho m\u00ecnh n\u00ean m\u1edbi \u1edf\u00a0trang n\u00e0y.<\/p>\n<p>N\u1ebfu b\u1eaft \u0111\u1ea7u t\u1ef1 h\u1ecdc \u0111\u1ed3 h\u1ecda th\u00ec h\u00e3y ch\u1eafc ch\u1eafn \u0111\u1ecdc qua b\u00e0i\u00a0<a href=\"https:\/\/toihocdohoa.com\/blog\/tu-hoc-thiet-ke-do-hoa-nen-bat-dau-tu-dau\/\">G\u1eedi nh\u1eefng ng\u01b0\u1eddi t\u1ef1 h\u1ecdc Thi\u1ebft k\u1ebf \u0111\u1ed3 h\u1ecda ch\u01b0a bi\u1ebft b\u1eaft \u0111\u1ea7u t\u1eeb \u0111\u00e2u<\/a> !<\/p>\n<p>Tuy nhi\u00ean, m\u00ecnh \u0111\u00e3 d\u1eebng ra b\u00e0i vi\u1ebft m\u1edbi t\u1eeb cu\u1ed1i 2017. \u1ede th\u1eddi \u0111i\u1ec3m hi\u1ec7n t\u1ea1i (2020) k\u1ef9 n\u0103ng v\u00e0 ki\u1ebfn th\u1ee9c \u0111\u1ed3 ho\u1ea1 gi\u00fap m\u00ecnh r\u1ea5t nhi\u1ec1u trong c\u00f4ng vi\u1ec7c l\u00e0m Conten Creator.<\/p>\n<p>Hi\u1ec7n t\u1ea1i m\u00ecnh l\u00e0 m\u1ed9t <a href=\"http:\/\/youtube.com\/lamphimnghiepdu\">Content Creator<\/a>\u00a0N\u1ebfu mu\u1ed1n, ch\u00fang ta v\u1eabn c\u00f3 th\u1ec3 k\u1ebft n\u1ed1i qua facebook\u00a0 <a href=\"https:\/\/www.facebook.com\/cuongvlog\">https:\/\/www.facebook.com\/cuongvlog<\/a><\/p>\n<p>C\u1ea3m \u01a1n &amp; Tr\u00e2n tr\u1ecdng,<\/p>\n<p>&nbsp;<\/p>\n<p>V\u00e0 b\u1ea1n \u0111o\u00e1n xem m\u00ecnh l\u00e0 ai trong h\u00ecnh d\u01b0\u1edbi \u0111\u00e2y !!<\/p>\n<p><img loading=\"lazy\" decoding=\"async\" class=\"alignnone size-full wp-image-5622\" src=\"https:\/\/toihocdohoa.com\/blog\/wp-content\/uploads\/2020\/01\/TG_VCB_05012020_059A7246.jpg\" alt=\"\" width=\"2048\" height=\"1365\" srcset=\"https:\/\/toihocdohoa.com\/blog\/wp-content\/uploads\/2020\/01\/TG_VCB_05012020_059A7246.jpg 2048w, https:\/\/toihocdohoa.com\/blog\/wp-content\/uploads\/2020\/01\/TG_VCB_05012020_059A7246-300x200.jpg 300w, https:\/\/toihocdohoa.com\/blog\/wp-content\/uploads\/2020\/01\/TG_VCB_05012020_059A7246-768x512.jpg 768w, https:\/\/toihocdohoa.com\/blog\/wp-content\/uploads\/2020\/01\/TG_VCB_05012020_059A7246-1024x683.jpg 1024w\" sizes=\"auto, (max-width: 2048px) 100vw, 2048px\" \/><\/p>\n","protected":false},"excerpt":{"rendered":"<p>Hello my friend, Ch\u1eafc h\u1eb3n b\u1ea1n \u0111ang c\u00f3 \u0111i\u1ec1u g\u00ec \u0111\u00f3 mu\u1ed1n nh\u1eafn cho m\u00ecnh n\u00ean m\u1edbi \u1edf\u00a0trang n\u00e0y. N\u1ebfu b\u1eaft \u0111\u1ea7u t\u1ef1 h\u1ecdc \u0111\u1ed3 h\u1ecda th\u00ec h\u00e3y ch\u1eafc ch\u1eafn \u0111\u1ecdc qua b\u00e0i\u00a0G\u1eedi nh\u1eefng ng\u01b0\u1eddi t\u1ef1 h\u1ecdc Thi\u1ebft k\u1ebf \u0111\u1ed3 h\u1ecda ch\u01b0a bi\u1ebft b\u1eaft \u0111\u1ea7u t\u1eeb \u0111\u00e2u ! Tuy nhi\u00ean, m\u00ecnh \u0111\u00e3 d\u1eebng ra b\u00e0i&hellip; <a class=\"read-more-link\" href=\"https:\/\/toihocdohoa.com\/blog\/lien-he\/\">\u0110\u1ecdc Th\u00eam<\/a><\/p>\n","protected":false},"author":1,"featured_media":0,"parent":0,"menu_order":0,"comment_status":"closed","ping_status":"open","template":"","meta":{"_genesis_hide_title":false,"_genesis_hide_breadcrumbs":false,"_genesis_hide_singular_image":false,"_genesis_hide_footer_widgets":false,"_genesis_custom_body_class":"","_genesis_custom_post_class":"","_genesis_layout":"","jetpack_post_was_ever_published":false,"footnotes":""},"yst_prominent_words":[234,172,223,210,217,179,224,226,212,255,227,214,220,264,236,263,222,225,211],"class_list":{"0":"post-308","1":"page","2":"type-page","3":"status-publish","5":"entry","6":"has-post-thumbnail"},"jetpack-related-posts":[{"id":5,"url":"https:\/\/toihocdohoa.com\/blog\/ban-quyen\/","url_meta":{"origin":308,"position":0},"title":"B\u1ea3n quy\u1ec1n b\u00e0i vi\u1ebft t\u1ea1i Blog ToihocDohoa","author":"M\u1ea1nh C\u01b0\u1eddng","date":"09\/12\/2014","format":false,"excerpt":"Hello my friend, M\u00ecnh r\u1ea5t c\u1ea3m k\u00edch v\u00ec b\u1ea1n \u0111\u00e3 quan t\u00e2m \u0111\u1ebfn\u00a0v\u1ea5n \u0111\u1ec1 b\u1ea3n quy\u1ec1n. To\u00e0n b\u1ed9 b\u00e0i vi\u1ebft t\u1ea1i blog \u0111\u1ec1u l\u00e0 m\u00ecnh t\u1ef1 vi\u1ebft n\u00ean \u0111\u1ec3 tr\u00e1nh x\u1ea3y ra tranh ch\u1ea5p kh\u00f4ng \u0111\u00e1ng c\u00f3, m\u00ecnh\u00a0c\u00f3 v\u00e0i \u0111i\u1ec1u ng\u1eafn li\u00ean quan \u0111\u1ebfn vi\u1ec7c s\u1eed d\u1ee5ng n\u1ed9i dung t\u1ea1i\u2026","rel":"","context":"Similar post","block_context":{"text":"Similar post","link":""},"img":{"alt_text":"","src":"","width":0,"height":0},"classes":[]},{"id":5297,"url":"https:\/\/toihocdohoa.com\/blog\/bo-nao-bao-dang-dung-ban-quyen-photoshop-ai-ae-hay-pr-la-boc-phet-het-2\/","url_meta":{"origin":308,"position":1},"title":"B\u1ed1 n\u00e0o b\u1ea3o \u0111ang d\u00f9ng b\u1ea3n quy\u1ec1n Photoshop, AI, AE hay Pr &#8230; l\u00e0 b\u1ed1c ph\u00e9t h\u1ebft","author":"M\u1ea1nh C\u01b0\u1eddng","date":"06\/02\/2017","format":false,"excerpt":"Mua Adobe Photoshop b\u1ea3n quy\u1ec1n , Illustrator b\u1ea3n quy\u1ec1n th\u00ec t\u1ea1i sao ... C\u00f3 h\u00e0ng ch\u00f9a, h\u00e0ng Crack l\u1eadu sao kh\u00f4ng\u00a0s\u00e0i m\u00e0 mua ? H\u00e0ng ch\u00f9a v\u1edbi h\u00e0ng mua c\u00f3 g\u00ec kh\u00e1c \u0111\u00e2u m\u00e0 ph\u1ea3i mua ? R\u1ed7i h\u01a1i \u0111i lo cho th\u1eb1ng t\u01b0 b\u1ea3n (adobe)\u00a0? C\u00f3 d\u00f9ng win b\u1ea3n\u2026","rel":"","context":"Similar post","block_context":{"text":"Similar post","link":""},"img":{"alt_text":"","src":"https:\/\/i0.wp.com\/toihocdohoa.com\/blog\/wp-content\/uploads\/2017\/02\/mua-ban-quyen-photoshop-vietnam-1.jpg?resize=350%2C200&ssl=1","width":350,"height":200,"srcset":"https:\/\/i0.wp.com\/toihocdohoa.com\/blog\/wp-content\/uploads\/2017\/02\/mua-ban-quyen-photoshop-vietnam-1.jpg?resize=350%2C200&ssl=1 1x, https:\/\/i0.wp.com\/toihocdohoa.com\/blog\/wp-content\/uploads\/2017\/02\/mua-ban-quyen-photoshop-vietnam-1.jpg?resize=525%2C300&ssl=1 1.5x"},"classes":[]},{"id":5266,"url":"https:\/\/toihocdohoa.com\/blog\/donate\/","url_meta":{"origin":308,"position":2},"title":"Chia s\u1ebb v\u00e0 chia s\u1ebb nhi\u1ec1u h\u01a1n n\u1eefa","author":"M\u1ea1nh C\u01b0\u1eddng","date":"05\/01\/2017","format":false,"excerpt":"Ch\u00e0o m\u1ecdi ng\u01b0\u1eddi! C\u1ea3m \u01a1n c\u00e1c b\u1ea1n \u0111\u1ed9c gi\u1ea3 \u0111\u00e3 \u1ee7ng h\u1ed9 blog trong h\u01a1n 2 n\u0103m qua. C\u00e1c b\u00e0i vi\u1ebft tr\u00ean blog ch\u00ednh l\u00e0 nh\u1eefng chia s\u1ebb v\u1ec1 tr\u1ea3i nghi\u1ec7m c\u1ee7a m\u00ecnh. Nh\u1eefng l\u1eddi \u0111\u1ed9ng vi\u00ean tinh th\u1ea7n c\u0169ng l\u00e0 m\u1ed9t ph\u1ea7n \u0111\u1ed9ng l\u1ef1c kh\u00f4ng nh\u1ecf \u0111\u1ec3 m\u00ecnh duy\u2026","rel":"","context":"Similar post","block_context":{"text":"Similar post","link":""},"img":{"alt_text":"","src":"https:\/\/i0.wp.com\/toihocdohoa.com\/blog\/wp-content\/uploads\/2017\/01\/2015-06-05_895ck-stock-photo-19649213-share-button.jpg?resize=350%2C200&ssl=1","width":350,"height":200},"classes":[]},{"id":715,"url":"https:\/\/toihocdohoa.com\/blog\/thong-tin-tai-khoan\/","url_meta":{"origin":308,"position":3},"title":"Th\u00f4ng tin t\u00e0i kho\u1ea3n","author":"M\u1ea1nh C\u01b0\u1eddng","date":"04\/06\/2015","format":false,"excerpt":"R\u1ea5t c\u1ea3m \u01a1n qu\u00fd kh\u00e1ch h\u00e0ng \u0111\u00e3 tin d\u00f9ng d\u1ecbch v\u1ee5 c\u1ee7a C\u01b0\u1eddng. Hy v\u1ecdng c\u00f3 c\u01a1 h\u1ed9i ti\u1ebfp t\u1ee5c\u00a0c\u1ed9ng t\u00e1c trong nh\u1eefng d\u1ef1 \u00e1n t\u1edbi. L\u01b0u \u00fd Thanh to\u00e1n Paypal\/Payoneer vui l\u00f2ng ch\u1ecdn\u00a0h\u00ecnh th\u1ee9c chuy\u1ec3n ti\u1ec1n c\u00e1 nh\u00e2n (Personal) \u0111\u1ec3 kh\u00f4ng m\u1ea5t ph\u00ed giao d\u1ecbch. \u0110i\u1ec1n t\u00ean\/s\u1ed1 \u0111i\u1ec7n tho\u1ea1i\/email\u2026","rel":"","context":"Similar post","block_context":{"text":"Similar post","link":""},"img":{"alt_text":"","src":"","width":0,"height":0},"classes":[]},{"id":2,"url":"https:\/\/toihocdohoa.com\/blog\/tu-dien-thiet-ke\/","url_meta":{"origin":308,"position":4},"title":"T\u1eeb \u0111i\u1ec3n thi\u1ebft k\u1ebf \u0111\u1ed3 h\u1ecda","author":"M\u1ea1nh C\u01b0\u1eddng","date":"22\/04\/2015","format":false,"excerpt":"T\u1eeb kh\u00f3a \u0111\u01b0\u1ee3c v\u00ed nh\u01b0 m\u1ed9t c\u00e2y c\u1ea7u k\u1ebft n\u1ed1i b\u1ea1n v\u1edbi kho t\u00e0ng ki\u1ebfn th\u1ee9c r\u1ed9ng l\u1edbn tr\u00ean internet. C\u00e1c b\u1ea1n h\u00e3y \u0110\u00e2y s\u1ebd l\u00e0 trang t\u1eeb \u0111i\u1ec3n chuy\u00ean ng\u00e0nh \u0111\u1ed3 h\u1ecda c\u1eadp \u0111\u1ec3 c\u00e1c b\u1ea1n c\u00f3 th\u1ec3 tra c\u1ee9u. C\u00e1c t\u1eeb s\u1ebd \u0111\u01b0\u1ee3c c\u1eadp nh\u1eadt th\u01b0\u1eddng xuy\u00ean, c\u00e1c\u2026","rel":"","context":"Similar post","block_context":{"text":"Similar post","link":""},"img":{"alt_text":"","src":"","width":0,"height":0},"classes":[]}],"jetpack_sharing_enabled":true,"_links":{"self":[{"href":"https:\/\/toihocdohoa.com\/blog\/wp-json\/wp\/v2\/pages\/308","targetHints":{"allow":["GET"]}}],"collection":[{"href":"https:\/\/toihocdohoa.com\/blog\/wp-json\/wp\/v2\/pages"}],"about":[{"href":"https:\/\/toihocdohoa.com\/blog\/wp-json\/wp\/v2\/types\/page"}],"author":[{"embeddable":true,"href":"https:\/\/toihocdohoa.com\/blog\/wp-json\/wp\/v2\/users\/1"}],"replies":[{"embeddable":true,"href":"https:\/\/toihocdohoa.com\/blog\/wp-json\/wp\/v2\/comments?post=308"}],"version-history":[{"count":14,"href":"https:\/\/toihocdohoa.com\/blog\/wp-json\/wp\/v2\/pages\/308\/revisions"}],"predecessor-version":[{"id":5626,"href":"https:\/\/toihocdohoa.com\/blog\/wp-json\/wp\/v2\/pages\/308\/revisions\/5626"}],"wp:attachment":[{"href":"https:\/\/toihocdohoa.com\/blog\/wp-json\/wp\/v2\/media?parent=308"}],"wp:term":[{"taxonomy":"yst_prominent_words","embeddable":true,"href":"https:\/\/toihocdohoa.com\/blog\/wp-json\/wp\/v2\/yst_prominent_words?post=308"}],"curies":[{"name":"wp","href":"https:\/\/api.w.org\/{rel}","templated":true}]}}